{"id":15,"date":"2024-04-02T04:23:16","date_gmt":"2024-04-02T03:23:16","guid":{"rendered":"http:\/\/ossconsulting360.com\/?page_id=15"},"modified":"2025-02-24T17:32:41","modified_gmt":"2025-02-24T17:32:41","slug":"about-us","status":"publish","type":"page","link":"https:\/\/ossconsulting360.com\/en\/about-us\/","title":{"rendered":"About Us"},"content":{"rendered":"<div class=\"wp-block-group alignfull section has-base-2-color has-contrast-background-color has-text-color has-background has-link-color wp-elements-9d743ac4403f1883683f52848dd22c56 has-global-padding is-layout-constrained wp-container-core-group-is-layout-57d71a98 wp-block-group-is-layout-constrained\" style=\"padding-top:0;padding-right:var(--wp--preset--spacing--30);padding-left:var(--wp--preset--spacing--30)\">\n<div class=\"wp-block-columns alignwide is-layout-flex wp-container-core-columns-is-layout-3e2a585d wp-block-columns-is-layout-flex\" style=\"margin-top:var(--wp--preset--spacing--50);margin-bottom:0;padding-right:var(--wp--preset--spacing--40);padding-left:var(--wp--preset--spacing--40)\">\n<div class=\"wp-block-column element is-layout-flow wp-block-column-is-layout-flow\">\n<h2 class=\"wp-block-heading has-base-2-color has-text-color has-link-color wp-elements-10fd597279f2d10deffbb573a270edad\">Who are we?<\/h2>\n\n\n\n<p>OSS Consulting is a consulting firm that operates in:<\/p>\n\n\n\n<ul class=\"wp-block-list\">\n<li>L&rsquo;\u00e9v\u00e8nementiel<\/li>\n\n\n\n<li>Communication\/marketing consulting<\/li>\n\n\n\n<li>Consulting in the production of advertising films and radio spots<\/li>\n<\/ul>\n\n\n\n<p style=\"margin-top:var(--wp--preset--spacing--20);margin-right:0;margin-bottom:var(--wp--preset--spacing--20);margin-left:0\">Chez OSS Consulting nous croyons fermement que la cr\u00e9ativit\u00e9 et la proactivit\u00e9 sont les moteurs de toute r\u00e9ussite. Notre \u00e9quipe dynamique et passionn\u00e9e est constamment \u00e0 l&rsquo;aff\u00fbt des derni\u00e8res tendances et innovations pour vous offrir des solutions sur mesure, adapt\u00e9es \u00e0 vos besoins sp\u00e9cifiques. Gr\u00e2ce \u00e0 notre approche proactive, nous anticipons vos attentes et relevons chaque d\u00e9fi avec une cr\u00e9ativit\u00e9 sans limite. Rejoignez-nous pour donner vie \u00e0 vos projets les plus ambitieux et marquer les esprits de mani\u00e8re durable.<\/p>\n\n\n\n<div class=\"wp-block-buttons is-layout-flex wp-block-buttons-is-layout-flex\">\n<div class=\"wp-block-button is-style-outline is-style-outline--1\"><a class=\"wp-block-button__link wp-element-button\">Contact us<\/a><\/div>\n<\/div>\n<\/div>\n\n\n\n<div class=\"wp-block-column element avec-image-decalee transitable transitable-vers-gauche delai-transition-1 has-border-color has-base-2-border-color is-layout-flow wp-block-column-is-layout-flow\" style=\"border-width:1px;padding-top:var(--wp--preset--spacing--30);padding-bottom:var(--wp--preset--spacing--30)\">\n<figure class=\"wp-block-image size-full decalee\"><img loading=\"lazy\" decoding=\"async\" width=\"640\" height=\"480\" src=\"http:\/\/ossconsulting360.com\/wp-content\/uploads\/2024\/04\/pexels-abby-kihano-431722.jpg\" alt=\"\" class=\"wp-image-60\" srcset=\"https:\/\/ossconsulting360.com\/wp-content\/uploads\/2024\/04\/pexels-abby-kihano-431722.jpg 640w, https:\/\/ossconsulting360.com\/wp-content\/uploads\/2024\/04\/pexels-abby-kihano-431722-300x225.jpg 300w\" sizes=\"auto, (max-width: 640px) 100vw, 640px\" \/><\/figure>\n<\/div>\n<\/div>\n<\/div>\n\n\n\n<div class=\"wp-block-group alignfull section has-global-padding is-layout-constrained wp-container-core-group-is-layout-ff778368 wp-block-group-is-layout-constrained\" style=\"padding-right:var(--wp--preset--spacing--30);padding-left:var(--wp--preset--spacing--30)\">\n<div class=\"wp-block-columns alignwide are-vertically-aligned-center is-layout-flex wp-container-core-columns-is-layout-923a867e wp-block-columns-is-layout-flex\" style=\"margin-top:0;margin-bottom:0;padding-right:var(--wp--preset--spacing--30);padding-left:var(--wp--preset--spacing--30)\">\n<div class=\"wp-block-column is-vertically-aligned-center avec-image-decalee transitable transitable-vers-droite has-border-color has-contrast-2-border-color is-layout-flow wp-block-column-is-layout-flow\" style=\"border-width:1px;padding-top:var(--wp--preset--spacing--30);padding-bottom:var(--wp--preset--spacing--30)\">\n<figure class=\"wp-block-image size-full decalee decalee-a-droite\"><img loading=\"lazy\" decoding=\"async\" width=\"640\" height=\"427\" src=\"http:\/\/ossconsulting360.com\/wp-content\/uploads\/2024\/04\/concert-3387324_640.jpg\" alt=\"\" class=\"wp-image-66\" srcset=\"https:\/\/ossconsulting360.com\/wp-content\/uploads\/2024\/04\/concert-3387324_640.jpg 640w, https:\/\/ossconsulting360.com\/wp-content\/uploads\/2024\/04\/concert-3387324_640-300x200.jpg 300w\" sizes=\"auto, (max-width: 640px) 100vw, 640px\" \/><\/figure>\n<\/div>\n\n\n\n<div class=\"wp-block-column is-vertically-aligned-center is-layout-flow wp-block-column-is-layout-flow\">\n<h2 class=\"wp-block-heading transitable transitable-vers-gauche\">Roles<\/h2>\n\n\n\n<p class=\"transitable transitable-vers-gauche  delai-transition-1\">OSS Consulting's role is to:<\/p>\n\n\n\n<ul class=\"wp-block-list transitable transitable-vers-gauche delai-transition-2\">\n<li>Advisor in the design, coordination and executive production of all operations<\/li>\n\n\n\n<li>Effectively appeal to internal and external audiences<\/li>\n\n\n\n<li>Propose a structure and an organization capable of handling events from A to Z.<\/li>\n\n\n\n<li>Use all modes of expression, from the most traditional to new on- and off-line speaking spaces to make the speech impactful<\/li>\n\n\n\n<li>Assurer la globalit\u00e9 de la prestation en s\u2019appuyant sur le service interne de l\u2019entreprise: studio de cr\u00e9ation, r\u00e9gie technique, conception de d\u00e9cors, r\u00e9gie audiovisuelle, plate-forme multim\u00e9dia etc&#8230;<\/li>\n<\/ul>\n<\/div>\n<\/div>\n<\/div>\n\n\n\n<div class=\"wp-block-group alignfull section has-accent-2-background-color has-background has-global-padding is-layout-constrained wp-container-core-group-is-layout-ff778368 wp-block-group-is-layout-constrained\" style=\"padding-right:var(--wp--preset--spacing--30);padding-left:var(--wp--preset--spacing--30)\">\n<div class=\"wp-block-columns alignwide are-vertically-aligned-center is-layout-flex wp-container-core-columns-is-layout-52756aa2 wp-block-columns-is-layout-flex\" style=\"margin-top:0;margin-bottom:0;padding-right:var(--wp--preset--spacing--50);padding-left:var(--wp--preset--spacing--50)\">\n<div class=\"wp-block-column is-vertically-aligned-center is-layout-flow wp-block-column-is-layout-flow\">\n<h2 class=\"wp-block-heading transitable transitable-vers-droite\">Our institutional offer<\/h2>\n\n\n\n<p class=\"transitable transitable-vers-droite delai-transition-1\">OSS Consulting supports:<\/p>\n\n\n\n<ul class=\"wp-block-list transitable transitable-vers-droite delai-transition-2\">\n<li>The development, implementation and monitoring of communication and marketing campaigns<\/li>\n\n\n\n<li>Help and advice on the organization of communication services<\/li>\n\n\n\n<li>Monitoring the implementation of Communication tools<\/li>\n\n\n\n<li>Animation of operational teams<\/li>\n\n\n\n<li>L\u2019\u00e9laboration de strat\u00e9gies de communication adapt\u00e9es, production et suivi d&rsquo;\u00e9v\u00e8nements et de contenus relatifs aux influenceurs (des RS; des artistes, de la Soci\u00e9t\u00e9 Civile; des Hommes politiques\u2026)<\/li>\n<\/ul>\n<\/div>\n\n\n\n<div class=\"wp-block-column is-vertically-aligned-center avec-image-decalee transitable transitable-vers-gauche delai-transition-1 has-border-color has-contrast-2-border-color is-layout-flow wp-block-column-is-layout-flow\" style=\"border-width:1px;padding-top:var(--wp--preset--spacing--30);padding-bottom:var(--wp--preset--spacing--30)\">\n<figure class=\"wp-block-image size-full decalee\"><img loading=\"lazy\" decoding=\"async\" width=\"1000\" height=\"667\" src=\"http:\/\/ossconsulting360.com\/wp-content\/uploads\/2024\/04\/2612.jpg\" alt=\"\" class=\"wp-image-263\" srcset=\"https:\/\/ossconsulting360.com\/wp-content\/uploads\/2024\/04\/2612.jpg 1000w, https:\/\/ossconsulting360.com\/wp-content\/uploads\/2024\/04\/2612-300x200.jpg 300w, https:\/\/ossconsulting360.com\/wp-content\/uploads\/2024\/04\/2612-768x512.jpg 768w\" sizes=\"auto, (max-width: 1000px) 100vw, 1000px\" \/><\/figure>\n<\/div>\n<\/div>\n<\/div>\n\n\n\n<div class=\"wp-block-group alignfull section has-global-padding is-layout-constrained wp-container-core-group-is-layout-ff778368 wp-block-group-is-layout-constrained\" style=\"padding-right:var(--wp--preset--spacing--30);padding-left:var(--wp--preset--spacing--30)\">\n<div class=\"wp-block-columns alignwide are-vertically-aligned-center is-layout-flex wp-container-core-columns-is-layout-923a867e wp-block-columns-is-layout-flex\" style=\"margin-top:0;margin-bottom:0;padding-right:var(--wp--preset--spacing--30);padding-left:var(--wp--preset--spacing--30)\">\n<div class=\"wp-block-column is-vertically-aligned-center avec-image-decalee transitable transitable-vers-droite delai-transition-1 has-border-color has-contrast-2-border-color is-layout-flow wp-block-column-is-layout-flow\" style=\"border-width:1px;padding-top:var(--wp--preset--spacing--30);padding-bottom:var(--wp--preset--spacing--30)\">\n<figure class=\"wp-block-image size-full decalee decalee-a-droite\"><img loading=\"lazy\" decoding=\"async\" width=\"1000\" height=\"750\" src=\"https:\/\/ossconsulting360.com\/wp-content\/uploads\/2024\/04\/2148621050-edited.jpg\" alt=\"\" class=\"wp-image-266\" srcset=\"https:\/\/ossconsulting360.com\/wp-content\/uploads\/2024\/04\/2148621050-edited.jpg 1000w, https:\/\/ossconsulting360.com\/wp-content\/uploads\/2024\/04\/2148621050-edited-300x225.jpg 300w, https:\/\/ossconsulting360.com\/wp-content\/uploads\/2024\/04\/2148621050-edited-768x576.jpg 768w\" sizes=\"auto, (max-width: 1000px) 100vw, 1000px\" \/><\/figure>\n<\/div>\n\n\n\n<div class=\"wp-block-column is-vertically-aligned-center is-layout-flow wp-block-column-is-layout-flow\">\n<h2 class=\"wp-block-heading transitable transitable-vers-gauche\">Public relations<\/h2>\n\n\n\n<p class=\"transitable transitable-vers-gauche delai-transition-1\">Our goal here is to:<\/p>\n\n\n\n<ul class=\"wp-block-list transitable transitable-vers-gauche delai-transition-2\">\n<li>Act on attitudes, behaviors, opinions<\/li>\n\n\n\n<li>Capturing trends and making connections<\/li>\n\n\n\n<li>Have a transversal creative approach.<\/li>\n\n\n\n<li>Know the new territories of expression<\/li>\n\n\n\n<li>Institutional and media monitoring<\/li>\n<\/ul>\n<\/div>\n<\/div>\n<\/div>\n\n\n\n<div class=\"wp-block-group alignfull section has-base-color has-contrast-2-background-color has-text-color has-background has-link-color wp-elements-cee305f5498b725f91d710376b155391 has-global-padding is-layout-constrained wp-container-core-group-is-layout-ff778368 wp-block-group-is-layout-constrained\" style=\"padding-right:var(--wp--preset--spacing--30);padding-left:var(--wp--preset--spacing--30)\">\n<div class=\"wp-block-columns alignwide is-layout-flex wp-container-core-columns-is-layout-1a2ddb66 wp-block-columns-is-layout-flex\" style=\"padding-right:var(--wp--preset--spacing--30);padding-left:var(--wp--preset--spacing--30)\">\n<div class=\"wp-block-column is-layout-flow wp-block-column-is-layout-flow\">\n<h4 class=\"wp-block-heading has-text-align-center transitable transitable-vers-droite has-base-2-color has-text-color has-link-color wp-elements-34d01afd3d38cb6707ee5d48cb6b8130\">The team<\/h4>\n\n\n\n<h2 class=\"wp-block-heading has-text-align-center transitable transitable-vers-gauche has-base-2-color has-text-color has-link-color wp-elements-fff3b81d09a1880427a3a247dfeb4858\">Discover those who make the magic happen<\/h2>\n\n\n\n<div class=\"wp-block-group personnels is-content-justification-center is-layout-flex wp-container-core-group-is-layout-7b773eaf wp-block-group-is-layout-flex\">\n<div class=\"wp-block-group personnel transitable transitable-vers-haut is-vertical is-content-justification-center is-layout-flex wp-container-core-group-is-layout-81423f52 wp-block-group-is-layout-flex\">\n<figure class=\"wp-block-image size-full is-resized is-style-rounded is-style-rounded--2\"><img loading=\"lazy\" decoding=\"async\" width=\"1080\" height=\"1080\" src=\"http:\/\/ossconsulting360.com\/wp-content\/uploads\/2024\/04\/WhatsApp-Image-2024-04-04-a-19.15.46_e003e153-edited.jpg\" alt=\"\" class=\"wp-image-242\" style=\"width:218px;height:auto\" srcset=\"https:\/\/ossconsulting360.com\/wp-content\/uploads\/2024\/04\/WhatsApp-Image-2024-04-04-a-19.15.46_e003e153-edited.jpg 1080w, https:\/\/ossconsulting360.com\/wp-content\/uploads\/2024\/04\/WhatsApp-Image-2024-04-04-a-19.15.46_e003e153-edited-300x300.jpg 300w, https:\/\/ossconsulting360.com\/wp-content\/uploads\/2024\/04\/WhatsApp-Image-2024-04-04-a-19.15.46_e003e153-edited-1024x1024.jpg 1024w, https:\/\/ossconsulting360.com\/wp-content\/uploads\/2024\/04\/WhatsApp-Image-2024-04-04-a-19.15.46_e003e153-edited-150x150.jpg 150w, https:\/\/ossconsulting360.com\/wp-content\/uploads\/2024\/04\/WhatsApp-Image-2024-04-04-a-19.15.46_e003e153-edited-768x768.jpg 768w\" sizes=\"auto, (max-width: 1080px) 100vw, 1080px\" \/><\/figure>\n\n\n\n<p class=\"nom\" style=\"padding-top:10px;padding-bottom:0;font-style:normal;font-weight:700\">Serge St\u00e9phane Owona<\/p>\n\n\n\n<p class=\"has-text-align-left poste\">Pr\u00e9sident Directeur G\u00e9n\u00e9ral<\/p>\n<\/div>\n\n\n\n<div class=\"wp-block-group personnel transitable transitable-vers-haut is-vertical is-content-justification-center is-layout-flex wp-container-core-group-is-layout-81423f52 wp-block-group-is-layout-flex\">\n<figure class=\"wp-block-image size-full is-resized is-style-rounded is-style-rounded--3\"><img loading=\"lazy\" decoding=\"async\" width=\"1080\" height=\"1080\" src=\"https:\/\/ossconsulting360.com\/wp-content\/uploads\/2024\/04\/WhatsApp-Image-2024-04-04-a-22.31.24_e14bc0c9.jpg\" alt=\"\" class=\"wp-image-268\" style=\"width:218px;height:auto\" srcset=\"https:\/\/ossconsulting360.com\/wp-content\/uploads\/2024\/04\/WhatsApp-Image-2024-04-04-a-22.31.24_e14bc0c9.jpg 1080w, https:\/\/ossconsulting360.com\/wp-content\/uploads\/2024\/04\/WhatsApp-Image-2024-04-04-a-22.31.24_e14bc0c9-300x300.jpg 300w, https:\/\/ossconsulting360.com\/wp-content\/uploads\/2024\/04\/WhatsApp-Image-2024-04-04-a-22.31.24_e14bc0c9-1024x1024.jpg 1024w, https:\/\/ossconsulting360.com\/wp-content\/uploads\/2024\/04\/WhatsApp-Image-2024-04-04-a-22.31.24_e14bc0c9-150x150.jpg 150w, https:\/\/ossconsulting360.com\/wp-content\/uploads\/2024\/04\/WhatsApp-Image-2024-04-04-a-22.31.24_e14bc0c9-768x768.jpg 768w\" sizes=\"auto, (max-width: 1080px) 100vw, 1080px\" \/><\/figure>\n\n\n\n<p class=\"nom\" style=\"padding-top:10px;font-style:normal;font-weight:700\">Gladys Moukoury<\/p>\n\n\n\n<p class=\"has-text-align-left poste\">Directrice G\u00e9n\u00e9rale <\/p>\n<\/div>\n\n\n\n<div class=\"wp-block-group personnel transitable transitable-vers-haut is-vertical is-content-justification-center is-layout-flex wp-container-core-group-is-layout-81423f52 wp-block-group-is-layout-flex\">\n<figure class=\"wp-block-image size-full is-resized is-style-rounded is-style-rounded--4\"><img loading=\"lazy\" decoding=\"async\" width=\"480\" height=\"480\" src=\"https:\/\/ossconsulting360.com\/wp-content\/uploads\/2024\/04\/jean-mvele-edited.jpg\" alt=\"\" class=\"wp-image-216\" style=\"width:218px;height:auto\" srcset=\"https:\/\/ossconsulting360.com\/wp-content\/uploads\/2024\/04\/jean-mvele-edited.jpg 480w, https:\/\/ossconsulting360.com\/wp-content\/uploads\/2024\/04\/jean-mvele-edited-300x300.jpg 300w, https:\/\/ossconsulting360.com\/wp-content\/uploads\/2024\/04\/jean-mvele-edited-150x150.jpg 150w\" sizes=\"auto, (max-width: 480px) 100vw, 480px\" \/><\/figure>\n\n\n\n<p class=\"nom\" style=\"padding-top:10px;font-style:normal;font-weight:700\">Jean Mvelle Ngoah<\/p>\n\n\n\n<p class=\"has-text-align-left poste\">Artistic director<\/p>\n<\/div>\n\n\n\n<div class=\"wp-block-group personnel transitable transitable-vers-haut is-vertical is-content-justification-center is-layout-flex wp-container-core-group-is-layout-81423f52 wp-block-group-is-layout-flex\">\n<figure class=\"wp-block-image size-full is-resized is-style-rounded is-style-rounded--5\"><img loading=\"lazy\" decoding=\"async\" width=\"778\" height=\"778\" src=\"https:\/\/ossconsulting360.com\/wp-content\/uploads\/2024\/04\/abondance-sanama-edited.jpg\" alt=\"\" class=\"wp-image-218\" style=\"width:218px;height:auto\" srcset=\"https:\/\/ossconsulting360.com\/wp-content\/uploads\/2024\/04\/abondance-sanama-edited.jpg 778w, https:\/\/ossconsulting360.com\/wp-content\/uploads\/2024\/04\/abondance-sanama-edited-300x300.jpg 300w, https:\/\/ossconsulting360.com\/wp-content\/uploads\/2024\/04\/abondance-sanama-edited-150x150.jpg 150w, https:\/\/ossconsulting360.com\/wp-content\/uploads\/2024\/04\/abondance-sanama-edited-768x768.jpg 768w\" sizes=\"auto, (max-width: 778px) 100vw, 778px\" \/><\/figure>\n\n\n\n<p class=\"nom\" style=\"padding-top:10px;font-style:normal;font-weight:700\">Abondance Sanama<\/p>\n\n\n\n<p class=\"has-text-align-left poste\">Traffic Manager<\/p>\n<\/div>\n\n\n\n<div class=\"wp-block-group personnel transitable transitable-vers-haut is-vertical is-content-justification-center is-layout-flex wp-container-core-group-is-layout-81423f52 wp-block-group-is-layout-flex\">\n<figure class=\"wp-block-image size-full is-resized is-style-rounded is-style-rounded--6\"><img loading=\"lazy\" decoding=\"async\" width=\"607\" height=\"607\" src=\"https:\/\/ossconsulting360.com\/wp-content\/uploads\/2024\/04\/WhatsApp-Image-2024-04-05-a-14.17.11_5122df2e.jpg\" alt=\"\" class=\"wp-image-342\" style=\"width:218px;height:auto\" srcset=\"https:\/\/ossconsulting360.com\/wp-content\/uploads\/2024\/04\/WhatsApp-Image-2024-04-05-a-14.17.11_5122df2e.jpg 607w, https:\/\/ossconsulting360.com\/wp-content\/uploads\/2024\/04\/WhatsApp-Image-2024-04-05-a-14.17.11_5122df2e-300x300.jpg 300w, https:\/\/ossconsulting360.com\/wp-content\/uploads\/2024\/04\/WhatsApp-Image-2024-04-05-a-14.17.11_5122df2e-150x150.jpg 150w\" sizes=\"auto, (max-width: 607px) 100vw, 607px\" \/><\/figure>\n\n\n\n<p class=\"nom\" style=\"padding-top:10px;font-style:normal;font-weight:700\">William Omgba<\/p>\n\n\n\n<p class=\"has-text-align-left poste\">Administrative Officer <\/p>\n\n\n\n<p class=\"has-text-align-left poste\">et Logistique<\/p>\n<\/div>\n\n\n\n<div class=\"wp-block-group personnel transitable transitable-vers-haut is-vertical is-content-justification-center is-layout-flex wp-container-core-group-is-layout-81423f52 wp-block-group-is-layout-flex\">\n<figure class=\"wp-block-image size-full is-resized is-style-rounded is-style-rounded--7\"><img loading=\"lazy\" decoding=\"async\" width=\"678\" height=\"678\" src=\"http:\/\/ossconsulting360.com\/wp-content\/uploads\/2024\/04\/WhatsApp-Image-2024-04-04-a-20.07.44_bfd17bbc-edited.jpg\" alt=\"\" class=\"wp-image-244\" style=\"width:218px;height:auto\" srcset=\"https:\/\/ossconsulting360.com\/wp-content\/uploads\/2024\/04\/WhatsApp-Image-2024-04-04-a-20.07.44_bfd17bbc-edited.jpg 678w, https:\/\/ossconsulting360.com\/wp-content\/uploads\/2024\/04\/WhatsApp-Image-2024-04-04-a-20.07.44_bfd17bbc-edited-300x300.jpg 300w, https:\/\/ossconsulting360.com\/wp-content\/uploads\/2024\/04\/WhatsApp-Image-2024-04-04-a-20.07.44_bfd17bbc-edited-150x150.jpg 150w\" sizes=\"auto, (max-width: 678px) 100vw, 678px\" \/><\/figure>\n\n\n\n<p class=\"nom\" style=\"padding-top:10px;font-style:normal;font-weight:700\">L\u00e9andre Nzi\u00e9<\/p>\n\n\n\n<p class=\"has-text-align-left poste\">Public\/Press Manager<\/p>\n<\/div>\n\n\n\n<div class=\"wp-block-group personnel transitable transitable-vers-haut is-vertical is-content-justification-center is-layout-flex wp-container-core-group-is-layout-81423f52 wp-block-group-is-layout-flex\">\n<figure class=\"wp-block-image size-full is-resized is-style-rounded is-style-rounded--8\"><img loading=\"lazy\" decoding=\"async\" width=\"1006\" height=\"1006\" src=\"https:\/\/ossconsulting360.com\/wp-content\/uploads\/2025\/02\/kimi-edited.jpg\" alt=\"\" class=\"wp-image-604\" style=\"width:218px;height:auto\" srcset=\"https:\/\/ossconsulting360.com\/wp-content\/uploads\/2025\/02\/kimi-edited.jpg 1006w, https:\/\/ossconsulting360.com\/wp-content\/uploads\/2025\/02\/kimi-edited-300x300.jpg 300w, https:\/\/ossconsulting360.com\/wp-content\/uploads\/2025\/02\/kimi-edited-150x150.jpg 150w, https:\/\/ossconsulting360.com\/wp-content\/uploads\/2025\/02\/kimi-edited-768x768.jpg 768w, https:\/\/ossconsulting360.com\/wp-content\/uploads\/2025\/02\/kimi-edited-12x12.jpg 12w\" sizes=\"auto, (max-width: 1006px) 100vw, 1006px\" \/><\/figure>\n\n\n\n<p class=\"nom\" style=\"padding-top:10px;font-style:normal;font-weight:700\">Kimy Ndie<\/p>\n\n\n\n<p class=\"has-text-align-left poste\">Chef publicit\u00e9<\/p>\n<\/div>\n\n\n\n<div class=\"wp-block-group personnel transitable transitable-vers-haut is-vertical is-content-justification-center is-layout-flex wp-container-core-group-is-layout-81423f52 wp-block-group-is-layout-flex\">\n<figure class=\"wp-block-image size-full is-resized is-style-rounded is-style-rounded--9\"><img loading=\"lazy\" decoding=\"async\" width=\"960\" height=\"960\" src=\"https:\/\/ossconsulting360.com\/wp-content\/uploads\/2025\/02\/profil-1-edited.jpg\" alt=\"\" class=\"wp-image-607\" style=\"width:218px;height:auto\" srcset=\"https:\/\/ossconsulting360.com\/wp-content\/uploads\/2025\/02\/profil-1-edited.jpg 960w, https:\/\/ossconsulting360.com\/wp-content\/uploads\/2025\/02\/profil-1-edited-300x300.jpg 300w, https:\/\/ossconsulting360.com\/wp-content\/uploads\/2025\/02\/profil-1-edited-150x150.jpg 150w, https:\/\/ossconsulting360.com\/wp-content\/uploads\/2025\/02\/profil-1-edited-768x768.jpg 768w, https:\/\/ossconsulting360.com\/wp-content\/uploads\/2025\/02\/profil-1-edited-12x12.jpg 12w\" sizes=\"auto, (max-width: 960px) 100vw, 960px\" \/><\/figure>\n\n\n\n<p class=\"nom\" style=\"padding-top:10px;font-style:normal;font-weight:700\">Brice Meye<\/p>\n\n\n\n<p class=\"has-text-align-left poste\">Digital Manager<\/p>\n<\/div>\n<\/div>\n<\/div>\n<\/div>\n\n\n\n<p><\/p>\n<\/div>","protected":false},"excerpt":{"rendered":"<p>Qui sommes-nous? OSS Consulting est un cabinet de conseils qui intervient dans: Chez OSS Consulting nous croyons fermement que la cr\u00e9ativit\u00e9 et la proactivit\u00e9 sont les moteurs de toute r\u00e9ussite. Notre \u00e9quipe dynamique et passionn\u00e9e est constamment \u00e0 l&rsquo;aff\u00fbt des derni\u00e8res tendances et innovations pour vous offrir des solutions sur mesure, adapt\u00e9es \u00e0 vos besoins [&hellip;]<\/p>","protected":false},"author":1,"featured_media":0,"parent":0,"menu_order":0,"comment_status":"closed","ping_status":"closed","template":"page-no-title","meta":{"footnotes":""},"class_list":["post-15","page","type-page","status-publish","hentry"],"_links":{"self":[{"href":"https:\/\/ossconsulting360.com\/en\/wp-json\/wp\/v2\/pages\/15","targetHints":{"allow":["GET"]}}],"collection":[{"href":"https:\/\/ossconsulting360.com\/en\/wp-json\/wp\/v2\/pages"}],"about":[{"href":"https:\/\/ossconsulting360.com\/en\/wp-json\/wp\/v2\/types\/page"}],"author":[{"embeddable":true,"href":"https:\/\/ossconsulting360.com\/en\/wp-json\/wp\/v2\/users\/1"}],"replies":[{"embeddable":true,"href":"https:\/\/ossconsulting360.com\/en\/wp-json\/wp\/v2\/comments?post=15"}],"version-history":[{"count":60,"href":"https:\/\/ossconsulting360.com\/en\/wp-json\/wp\/v2\/pages\/15\/revisions"}],"predecessor-version":[{"id":610,"href":"https:\/\/ossconsulting360.com\/en\/wp-json\/wp\/v2\/pages\/15\/revisions\/610"}],"wp:attachment":[{"href":"https:\/\/ossconsulting360.com\/en\/wp-json\/wp\/v2\/media?parent=15"}],"curies":[{"name":"wp","href":"https:\/\/api.w.org\/{rel}","templated":true}]}}